{"id":245,"date":"2018-04-03T13:09:54","date_gmt":"2018-04-03T17:09:54","guid":{"rendered":"http:\/\/sqi.cafcan.com\/en\/?page_id=245"},"modified":"2018-04-03T13:10:49","modified_gmt":"2018-04-03T17:10:49","slug":"nos-formations","status":"publish","type":"page","link":"https:\/\/seaquest-infotel.com\/en\/nos-formations\/","title":{"rendered":"Training"},"content":{"rendered":"<p><strong>Seaquest-Infotel<\/strong>\u00a0a cr\u00e9\u00e9 une dynamique de transfert de technologie en favorisant.<\/p>\n<ul>\n<li>Participation des experts Canadiens \u00e0 l\u2019informatisation des organismes gouvernementaux et des grandes entreprises des pays d\u2019Afrique<\/li>\n<li>Programme de collaboration industrie &#8211; universit\u00e9s<\/li>\n<li>Participation des employ\u00e9s locaux dans toutes les phases d\u2019implantation<\/li>\n<li>Formation des cadres et ing\u00e9nieurs Africains au Canada<\/li>\n<li>Programme de formation continue associ\u00e9 \u00e0 chaque projet offert en collaboration avec l\u2019ACDI (Agence Canadienne de D\u00e9veloppement International)<\/li>\n<li>Assistance au d\u00e9marrage et \u00e0 la maintenance du produit d\u00e9velopp\u00e9<\/li>\n<li>Mise en place et suivi d\u2019un programme dynamique de formation des cadres dans la prise en charge effective du produit. Cette approche permet une meilleure acceptation et une implantation r\u00e9ussie des solutions du Groupe Infotel Inc. et par cons\u00e9quent assure la continuit\u00e9 des op\u00e9rations du Groupe Infotel sur les march\u00e9s internationaux.<\/li>\n<\/ul>\n","protected":false},"excerpt":{"rendered":"<p>Seaquest-Infotel\u00a0a cr\u00e9\u00e9 une dynamique de transfert de technologie en favorisant. Participation des experts Canadiens \u00e0 l\u2019informatisation des organismes gouvernementaux et des grandes entreprises des pays d\u2019Afrique Programme de collaboration industrie &#8211; universit\u00e9s Participation des employ\u00e9s locaux dans toutes les phases d\u2019implantation Formation des cadres et ing\u00e9nieurs Africains au Canada Programme de formation continue associ\u00e9 \u00e0 [&hellip;]<\/p>\n","protected":false},"author":2,"featured_media":0,"parent":0,"menu_order":0,"comment_status":"closed","ping_status":"closed","template":"","meta":{"footnotes":""},"class_list":["post-245","page","type-page","status-publish","hentry"],"_links":{"self":[{"href":"https:\/\/seaquest-infotel.com\/en\/wp-json\/wp\/v2\/pages\/245","targetHints":{"allow":["GET"]}}],"collection":[{"href":"https:\/\/seaquest-infotel.com\/en\/wp-json\/wp\/v2\/pages"}],"about":[{"href":"https:\/\/seaquest-infotel.com\/en\/wp-json\/wp\/v2\/types\/page"}],"author":[{"embeddable":true,"href":"https:\/\/seaquest-infotel.com\/en\/wp-json\/wp\/v2\/users\/2"}],"replies":[{"embeddable":true,"href":"https:\/\/seaquest-infotel.com\/en\/wp-json\/wp\/v2\/comments?post=245"}],"version-history":[{"count":0,"href":"https:\/\/seaquest-infotel.com\/en\/wp-json\/wp\/v2\/pages\/245\/revisions"}],"wp:attachment":[{"href":"https:\/\/seaquest-infotel.com\/en\/wp-json\/wp\/v2\/media?parent=245"}],"curies":[{"name":"wp","href":"https:\/\/api.w.org\/{rel}","templated":true}]}}